{"id":2,"date":"2007-01-22T16:53:16","date_gmt":"2007-01-22T16:53:16","guid":{"rendered":""},"modified":"2016-11-07T08:13:23","modified_gmt":"2016-11-07T13:13:23","slug":"about","status":"publish","type":"page","link":"http:\/\/adam.rosi-kessel.org\/weblog\/about","title":{"rendered":"About \/ Contact"},"content":{"rendered":"<h3>Contact<\/h3>\n<p>I&#8217;m easy to reach:<\/p>\n<ul>\n<li><a href=\"mailto:adam@rosi-kessel.org\">adam@rosi-kessel.org<\/a> (good for the foreseeable future)<\/li>\n<li><a href=\"mailto:ajkessel@alumni.princeton.edu\">ajkessel@alumni.princeton.edu<\/a> (good as long as Princeton stays in business, probably a safe bet)<\/li>\n<\/ul>\n<p>Note that all of the dozens of email addresses I&#8217;ve accumulated since the 1980&#8217;s go to the same place, so you need not copy multiple addresses. If you want to <a href=\"http:\/\/gnupg.org\/\">encrypt your email<\/a>, here is my <a href=\"http:\/\/adam.rosi-kessel.org\/weblog\/privacy\/pgp_key.html\">public key<\/a>.<\/p>\n<h3>Bio<\/h3>\n<p>I&#8217;m an attorney specializing in intellectual property litigation as well as counseling on IP and Internet issues, although nothing on this blog is directly related to my professional life or my employer. I&#8217;ve considered starting a professional blog, but IP law is pretty well covered right now in the blogosphere and I haven&#8217;t yet identified a unique unfilled niche. I do occasionally write about IP-related topics (whence the name of the blog).<\/p>\n<p>I&#8217;m also a husband and father, a vegetarian (and an amateur gourmet cook), a musician, a cinephile, an urban bicyclist, a cooperativist (I helped found <a href=\"http:\/\/bostoncoop.net\/bcc\">Boston Community Cooperatives<\/a>), a supporter of <a href=\"http:\/\/www.gbls.org\/\">legal aid<\/a>, and a somewhat-inactive <a href=\"http:\/\/www.debian.org\">Debian<\/a> developer and inveterate tinkerer. I grew up on <a href=\"http:\/\/en.wikipedia.org\/wiki\/Bitnet\">BITNET<\/a> and <a href=\"http:\/\/en.wikipedia.org\/wiki\/Bulletin_board_system\">BBS&#8217;s<\/a>, and remain passionate about the potential of the Internet. I run a small nonprofit community ISP, <a href=\"http:\/\/bostoncoop.net\">bostoncoop.net<\/a>. I live in Roslindale, a neighborhood of Boston. I took my first university computer science course when I was ten and worked professionally as a database programmer from the time I was thirteen. (When I got to college, I had had enough of programming and ended up majoring in chemistry, after switching through physics and then molecular biology).<\/p>\n<p>Finally, you might also check out <a href=\"http:\/\/princeton.facebook.com\/profile.php?id=675462208\">my Facebook<\/a> or <a href=\"http:\/\/www.linkedin.com\/in\/ajkessel\">LinkedIn profile<\/a> if you&#8217;re not adverse to social networking sites.<\/p>\n<h3>Education \/ Work<\/h3>\n<p>In reverse chronological order, I attended <a href=\"http:\/\/www.slaw.neu.edu\">Northeastern University School of Law<\/a>. As part of NUSL&#8217;s great <a href=\"http:\/\/www.slaw.neu.edu\/coop\/\">co-op program<\/a>, I clerked at the <a href=\"http:\/\/www.epic.org\">Electronic Privacy Information Center<\/a>, a <a href=\"http:\/\/www.mad.uscourts.gov\/\">Federal District Court<\/a>, <a href=\"http:\/\/www.altshulerberzon.com\">Altshuler, Berzon<\/a>, and finally <a href=\"http:\/\/wolfgreenfield.com\">Wolf Greenfield<\/a>. I also created part of a course on <a href=\"http:\/\/h2o.law.harvard.edu\/ViewProject.do;jsessionid=BDDFD28E98A2BC0B61E038195E90E25A?projectID=158\">\u00e2\u20ac\u0153cyberprivacy\u00e2\u20ac\u009d<\/a> at the <a href=\"http:\/\/cyber.law.harvard.edu\/\">Berkman Center<\/a>, for which I served as a teaching assistant. Prior to Law School, I worked for a <a href=\"http:\/\/www.local26.org\">labor union<\/a>, an <a href=\"http:\/\/www.cnt.org\">environmental nonprofit<\/a>, and an <a href=\"http:\/\/web.princeton.edu\/sites\/pbcenter\/\">outdoor experiential education center for at-risk inner city youth<\/a>. I attended <a href=\"http:\/\/www.princeton.edu\">Princeton University<\/a> and majored in <a href=\"http:\/\/www.princeton.edu\/~chemdept\/\">chemistry<\/a> (see the paper I worked on, <a href=\"http:\/\/www.princeton.edu\/~hecht\/pub\/jacs00.pdf\">Peroxidase Activity in Heme Proteins Derived from a Designed Combinatorial Library<\/a>) and got a certificate in <a href=\"http:\/\/www.princeton.edu\/~linguist\/\">linguistics<\/a>. I was also a member of <a href=\"http:\/\/www.princeton.edu\/~twod\/\">The Two Dickinson Street Coop<\/a>, an officer of the <a href=\"http:\/\/www.princeton.edu\/~juggling\/about.html\">Princeton Juggling Club<\/a>, and a semi-frequent participant in the <a href=\"http:\/\/www.princetonol.com\/groups\/phhh\/\">Princeton Hash House Harriers<\/a>. I grew up in Vermont and attended <a href=\"http:\/\/www.cvuhs.org\/\">Champlain Valley Union High School<\/a> and <a href=\"http:\/\/www.ecl.be\/pages\/second\/desten01.htm\">Ath\u00e9n\u00e9e L\u00e9onie de Waha<\/a> in Liege, Belgium. I was born in Boston in the 1970&#8217;s, delivered by my late great-uncle.<\/p>\n<p>It&#8217;s easy enough to figure out where I work now, but I leave that as an exercise for the reader.<\/p>\n<h3>Privacy Policy<\/h3>\n<p>As part of routine Website administration, I collect logging information. That logging information includes your IP address and the referrer which brought you to this page; for instance, if you searched on Google, and Google brought you to a page on this site, I&#8217;ll see the search terms that brought you here. I&#8217;ll also see the date and time that you visited the site, and all the files that you looked at while you were here.<\/p>\n<p>This logging information helps diagnose performance problems on this site, measure which pages are the busiest, and can track down crackers: I recently used standard HTTP requests to figure out how someone attacked this server, and thereby fixed the security hole. It is also helpful for locating errors and broken links.<\/p>\n<p>There are ways to reduce the amount of this information that you leave around the Internet. I suggest that you use <a href=\"http:\/\/www.privoxy.org\">Privoxy<\/a>, a free privacy-protection program that will, among many other things, eliminate referrer data from your Web requests. The <a href=\"http:\/\/getfirefox.com\">Firefox web-browser<\/a> also includes privacy-enhancing features.  There are also a number of anonymizer services out there to make your physical location less transparent.<\/p>\n<h3>Cookies<\/h3>\n<p>This weblog will not place any cookies on your computer unless you request that your name be stored for future comments. <a href=\"http:\/\/adam.rosi-kessel.org\/weblog\/free_software\/code\/salonify.html\">salonify<\/a>, a web-based photo gallery system, will save your preferences (image size, layout, titles) in a cookie on your computer if you tell it to, but this cookie will not contain any identifying information.<\/p>\n<p>If you have any concerns about the privacy protections on this site, please <a href=\"mailto:adam@bostoncoop.net\">email me<\/a>.<\/p>\n","protected":false},"excerpt":{"rendered":"<p>Contact I&#8217;m easy to reach: adam@rosi-kessel.org (good for the foreseeable future) ajkessel@alumni.princeton.edu (good as long as Princeton stays in business, probably a safe bet) Note that all of the dozens of email addresses I&#8217;ve accumulated since the 1980&#8217;s go to the same place, so you need not copy multiple addresses. If you want to encrypt [&hellip;]<\/p>\n","protected":false},"author":1,"featured_media":0,"parent":0,"menu_order":0,"comment_status":"open","ping_status":"open","template":"","meta":[],"_links":{"self":[{"href":"http:\/\/adam.rosi-kessel.org\/weblog\/wp-json\/wp\/v2\/pages\/2"}],"collection":[{"href":"http:\/\/adam.rosi-kessel.org\/weblog\/wp-json\/wp\/v2\/pages"}],"about":[{"href":"http:\/\/adam.rosi-kessel.org\/weblog\/wp-json\/wp\/v2\/types\/page"}],"author":[{"embeddable":true,"href":"http:\/\/adam.rosi-kessel.org\/weblog\/wp-json\/wp\/v2\/users\/1"}],"replies":[{"embeddable":true,"href":"http:\/\/adam.rosi-kessel.org\/weblog\/wp-json\/wp\/v2\/comments?post=2"}],"version-history":[{"count":6,"href":"http:\/\/adam.rosi-kessel.org\/weblog\/wp-json\/wp\/v2\/pages\/2\/revisions"}],"predecessor-version":[{"id":918,"href":"http:\/\/adam.rosi-kessel.org\/weblog\/wp-json\/wp\/v2\/pages\/2\/revisions\/918"}],"wp:attachment":[{"href":"http:\/\/adam.rosi-kessel.org\/weblog\/wp-json\/wp\/v2\/media?parent=2"}],"curies":[{"name":"wp","href":"https:\/\/api.w.org\/{rel}","templated":true}]}}